{"id":9758,"date":"2024-01-14T21:26:59","date_gmt":"2024-01-14T18:26:59","guid":{"rendered":"https:\/\/activitiesinalanya.com\/?post_type=product&#038;p=9758"},"modified":"2026-04-24T15:59:23","modified_gmt":"2026-04-24T12:59:23","slug":"alanya-only-rafting","status":"publish","type":"product","link":"https:\/\/activitiesinalanya.com\/tr\/urun\/alanya-only-rafting\/","title":{"rendered":"Sadece Alanya Rafting"},"content":{"rendered":"<div class=\"header-ul\">\n<p><strong>Beyaz Su Rafting Maceras\u0131<\/strong><\/p>\n<p>\u00d6zel becerilere ihtiya\u00e7 duymadan, ruhunuzu s\u0131nayan ve \u015fans\u0131 davet eden, heyecan verici bir akarsu rafting maceras\u0131na dal\u0131n. Deneyimli e\u011fitmenlerin rehberli\u011finde bir da\u011f nehrinin co\u015fkun sular\u0131nda gezinecek, adrenalin, heyecan ve kat\u0131ks\u0131z ne\u015fe kar\u0131\u015f\u0131m\u0131n\u0131 deneyimleyeceksiniz. Bu macera, hem gen\u00e7ler hem de yeti\u015fkinler i\u00e7in uygundur ve s\u0131\u00e7ramadan sonra bile uzun s\u00fcre devam edecek unutulmaz bir deneyim sunar.<\/p>\n<p><strong>Tur Program\u0131<\/strong><\/p>\n<ul>\n<li><strong>Transfer ve Var\u0131\u015f<\/strong>: Be\u015fkonak&#039;taki g\u00f6rkemli K\u00f6pr\u00fcl\u00fc Kanyon&#039;a transferle ba\u015flay\u0131n.<\/li>\n<li><strong>Brifing ve Ekipman Verilmesi<\/strong>: Kapsaml\u0131 bir brifing al\u0131n ve kask, can yele\u011fi ve k\u00fcrek dahil rafting malzemelerinizi al\u0131n.<\/li>\n<li><strong>Ba\u015flang\u0131\u00e7 noktas\u0131<\/strong>: Antik Roma k\u00f6pr\u00fcs\u00fcnden ba\u015flayan yolculuk 7 km&#039;lik bir ini\u015fe kadar devam ediyor.<\/li>\n<li><strong>Milli Park Ke\u015ffi<\/strong>: Rafting deneyimine dalmadan \u00f6nce K\u00f6pr\u00fcl\u00fc Milli Park&#039;ta foto\u011fraf molas\u0131 ve y\u00fczme imkan\u0131 sunan keyifli bir y\u00fcr\u00fcy\u00fc\u015f\u00fcn keyfini \u00e7\u0131kar\u0131n.<\/li>\n<li><strong>\u0130ni\u015f<\/strong>: Her biri bir profesyonelin rehberli\u011finde nehrin ilk 10 km&#039;sinde seyreden teknelere binin.<\/li>\n<li><strong>\u00d6\u011fle yeme\u011fi<\/strong>: Nehrin kalan 3,6 km&#039;sini a\u015fmadan \u00f6nce yerel bir restoranda leziz bir \u00f6\u011fle yeme\u011fi ile yak\u0131t ikmali yap\u0131n.<\/li>\n<li><strong>Fotografik An\u0131lar<\/strong>: Profesyonel foto\u011fraf\u00e7\u0131lar ini\u015finizin heyecan verici anlar\u0131n\u0131 yakalar.<\/li>\n<li><strong>Geri d\u00f6nmek<\/strong>: Macera otelinize d\u00f6n\u00fc\u015f transferiyle son bulur.<\/li>\n<\/ul>\n<p><strong>Neler Dahil:<\/strong><\/p>\n<ul>\n<li>Gidi\u015f-d\u00f6n\u00fc\u015f transferler<\/li>\n<li>\u0130\u00e7 huzurun sigortas\u0131<\/li>\n<li>Enerjinizi y\u00fcksek tutacak doyurucu bir \u00f6\u011fle yeme\u011fi<\/li>\n<li>Yol g\u00f6sterecek profesyonel rehberler<\/li>\n<li>Rafting malzemeleri: yelek, kask ve k\u00fcrek<\/li>\n<\/ul>\n<p><strong>L\u00fctfen akl\u0131n\u0131zda bulundurun:<\/strong><\/p>\n<ul>\n<li>Turdaki i\u00e7ecekler ve ki\u015fisel foto\u011fraf veya videolar ayr\u0131 olarak sat\u0131n al\u0131nabilir.<\/li>\n<li>Yan\u0131n\u0131zda havlu, \u015fort, mayo, ti\u015f\u00f6rt, yedek k\u0131yafet, g\u00fcne\u015f kremi, su ve rahat ayakkab\u0131 getirmeniz tavsiye edilir. G\u00fcvenli\u011finiz i\u00e7in de\u011ferli e\u015fyalar\u0131n\u0131z\u0131, paran\u0131z\u0131, m\u00fccevherlerinizi ve aksesuarlar\u0131n\u0131z\u0131 konaklama yerinizde b\u0131rakman\u0131z tavsiye edilir.<\/li>\n<li>Bu aktivitenin do\u011fas\u0131 gere\u011fi 5 ya\u015f alt\u0131 \u00e7ocuklar, hamile kad\u0131nlar veya bu maceran\u0131n a\u011f\u0131rla\u015ft\u0131rabilece\u011fi t\u0131bbi rahats\u0131zl\u0131klar\u0131 olan ki\u015filer i\u00e7in uygun de\u011fildir.<\/li>\n<\/ul>\n<p><strong>Ek \u0130pu\u00e7lar\u0131:<\/strong><\/p>\n<ul>\n<li>En iyi deneyim i\u00e7in iyi kavrama sa\u011flayan ve \u0131slak ko\u015fullarda kayma olas\u0131l\u0131\u011f\u0131 en d\u00fc\u015f\u00fck olan ayakkab\u0131lar\u0131 se\u00e7in.<\/li>\n<\/ul>\n<p>K\u00f6pr\u00fcl\u00fc Kanyon&#039;da nehrin heyecan verici ak\u0131nt\u0131lar\u0131n\u0131n do\u011fan\u0131n dingin g\u00fczelli\u011fiyle bulu\u015ftu\u011fu bir beyaz su rafting yolculu\u011funa \u00e7\u0131k\u0131n. Bu tur sadece bir macera de\u011fil, anlat\u0131lacak bir hikaye de vaat ediyor ve seyahatlerinizin unutulmaz bir par\u00e7as\u0131 haline geliyor.<\/p>\n<\/div>","protected":false},"excerpt":{"rendered":"<p>White-Water Rafting Adventure Dive into an exhilarating white-water rafting adventure, a journey that tests your spirit and invites luck, all without the need for special skills. Guided by experienced instructors, you&#8217;ll navigate the rushing waters of a mountain river, experiencing a blend of adrenaline, excitement, and sheer joy. This adventure is suitable for everyone\u2014youths and [&hellip;]<\/p>","protected":false},"featured_media":9761,"comment_status":"open","ping_status":"closed","template":"","meta":{"_monsterinsights_skip_tracking":false,"_monsterinsights_sitenote_active":false,"_monsterinsights_sitenote_note":"","_monsterinsights_sitenote_category":0},"product_cat":[67],"product_tag":[],"class_list":{"0":"post-9758","1":"product","2":"type-product","3":"status-publish","4":"has-post-thumbnail","6":"product_cat-alanya-rafting","8":"first","9":"instock","10":"sale","11":"shipping-taxable","12":"purchasable","13":"product-type-ovabrw_car_rental"},"aioseo_notices":[],"_links":{"self":[{"href":"https:\/\/activitiesinalanya.com\/tr\/wp-json\/wp\/v2\/product\/9758","targetHints":{"allow":["GET"]}}],"collection":[{"href":"https:\/\/activitiesinalanya.com\/tr\/wp-json\/wp\/v2\/product"}],"about":[{"href":"https:\/\/activitiesinalanya.com\/tr\/wp-json\/wp\/v2\/types\/product"}],"replies":[{"embeddable":true,"href":"https:\/\/activitiesinalanya.com\/tr\/wp-json\/wp\/v2\/comments?post=9758"}],"wp:featuredmedia":[{"embeddable":true,"href":"https:\/\/activitiesinalanya.com\/tr\/wp-json\/wp\/v2\/media\/9761"}],"wp:attachment":[{"href":"https:\/\/activitiesinalanya.com\/tr\/wp-json\/wp\/v2\/media?parent=9758"}],"wp:term":[{"taxonomy":"product_cat","embeddable":true,"href":"https:\/\/activitiesinalanya.com\/tr\/wp-json\/wp\/v2\/product_cat?post=9758"},{"taxonomy":"product_tag","embeddable":true,"href":"https:\/\/activitiesinalanya.com\/tr\/wp-json\/wp\/v2\/product_tag?post=9758"}],"curies":[{"name":"wp","href":"https:\/\/api.w.org\/{rel}","templated":true}]}}