{"id":9737,"date":"2024-01-14T21:03:58","date_gmt":"2024-01-14T18:03:58","guid":{"rendered":"https:\/\/activitiesinalanya.com\/?post_type=product&#038;p=9737"},"modified":"2026-04-24T16:01:04","modified_gmt":"2026-04-24T13:01:04","slug":"pamukkale-tour-from-alanya","status":"publish","type":"product","link":"https:\/\/activitiesinalanya.com\/tr\/urun\/pamukkale-tour-from-alanya\/","title":{"rendered":"Alanya&#039;dan Pamukkale Turu"},"content":{"rendered":"<p><strong>Pamukkale 2 G\u00fcnl\u00fck Termal Ka\u00e7amak<\/strong><\/p>\n<p>\u015eifal\u0131 termal sular\u0131 ve b\u00fcy\u00fcleyici beyaz traverten teraslar\u0131yla bilinen, d\u00fcnyan\u0131n en eski termal \u015fehirlerinden biri ve UNESCO D\u00fcnya Miras\u0131 listesinde yer alan Pamukkale ve Hierapolis&#039;e iki g\u00fcnl\u00fck bir yolculu\u011fa \u00e7\u0131k\u0131n. Bu unutulmaz tur, do\u011fa harikalar\u0131n\u0131n, antik tarihin ve mineral bak\u0131m\u0131ndan zengin sular\u0131n tedavi edici g\u00fc\u00e7lerinin bir kar\u0131\u015f\u0131m\u0131n\u0131 sunarak sizi saf g\u00fczellik ve sa\u011fl\u0131kl\u0131 ya\u015fam manzaras\u0131na ad\u0131m atmaya davet ediyor.<\/p>\n<p><strong>Pamuk Kalesi&#039;ni ke\u015ffedin<\/strong><\/p>\n<p>T\u00fcrk\u00e7e&#039;de &quot;pamuk kalesi&quot; anlam\u0131na gelen Pamukkale, kapl\u0131calar\u0131 ve akan suyun b\u0131rakt\u0131\u011f\u0131 karbonat mineralleri teraslar\u0131yla \u00fcnl\u00fcd\u00fcr. Denizli ilinde, Alanya&#039;ya yakla\u015f\u0131k 300 km uzakl\u0131kta yer alan site, y\u00fczy\u0131llard\u0131r sa\u011fl\u0131\u011fa olan faydalar\u0131 ve muhte\u015fem manzaras\u0131yla ziyaret\u00e7ilerin ilgisini \u00e7ekmektedir. Ortalama 30 santigrat derece civar\u0131ndaki termal sular \u015fifal\u0131 \u00f6zellikleriyle \u00fcnl\u00fcd\u00fcr.<\/p>\n<p><strong>Turun \u00d6ne \u00c7\u0131kanlar\u0131<\/strong><\/p>\n<p><strong>1.g\u00fcn:<\/strong><\/p>\n<ul>\n<li>Korkuteli&#039;de kahvalt\u0131 molas\u0131 ile otelden alma ve Toros da\u011flar\u0131 \u00fczerinde manzaral\u0131 yolculuk.<\/li>\n<li>\u00d6\u011fle yeme\u011finden \u00f6nce Denizli&#039;de panoramik mola.<\/li>\n<li>Pamukkale&#039;nin kire\u00e7ta\u015f\u0131 teraslar\u0131n\u0131n ve Hierapolis antik kentinin ke\u015ffi.<\/li>\n<li>Kleopatra havuzu ziyareti, ard\u0131ndan ak\u015fam yeme\u011fi ve geceleme.<\/li>\n<\/ul>\n<p><strong>2. g\u00fcn:<\/strong><\/p>\n<ul>\n<li>Otelde kahvalt\u0131n\u0131n ard\u0131ndan ek ke\u015fifler i\u00e7in yola \u00e7\u0131k\u0131yoruz.<\/li>\n<li>K\u0131z\u0131lsu kaynaklar\u0131na, yerel bir k\u00f6y camisine ve geleneksel T\u00fcrk dokumalar\u0131n\u0131n sergilendi\u011fi bir hal\u0131 at\u00f6lyesine ziyaretler.<\/li>\n<li>\u00d6\u011fle yeme\u011fi ve ard\u0131ndan otelinize d\u00f6nmeden \u00f6nce Antalya&#039;da panoramik mola.<\/li>\n<\/ul>\n<p><strong>Neler Dahil:<\/strong><\/p>\n<ul>\n<li>T\u00fcm transferler ve 3 y\u0131ld\u0131zl\u0131 termal otelde yar\u0131m pansiyon (kahvalt\u0131 ve ak\u015fam yeme\u011fi) konaklama.<\/li>\n<li>\u0130ngilizce, Almanca ve Rus\u00e7a dillerinde profesyonel rehberlik.<\/li>\n<li>Pamukkale travertenlerinin giri\u015fi.<\/li>\n<\/ul>\n<p><strong>\u0130ste\u011fe ba\u011fl\u0131 ekstralar:<\/strong><\/p>\n<ul>\n<li>Otelde iki \u00f6\u011fle yeme\u011fi ve i\u00e7ecek ve yemekler.<\/li>\n<li>Kleopatra havuzuna ve K\u0131rm\u0131z\u0131 Suya giri\u015f (iste\u011fe ba\u011fl\u0131).<\/li>\n<\/ul>\n<p><strong>Ek Bilgiler:<\/strong><\/p>\n<ul>\n<li>Tur fiyatlar\u0131m\u0131za Pamukkale teraslar\u0131na giri\u015f dahildir. Ekstra \u00fccretler yaln\u0131zca \u00f6\u011fle yemekleri, i\u00e7ecekler ve iste\u011fe ba\u011fl\u0131 site giri\u015fleri i\u00e7in ge\u00e7erli oldu\u011fundan maliyetlerde s\u00fcrpriz ya\u015fanmaz.<\/li>\n<li>\u00d6deme do\u011frudan otob\u00fcsteki rehberimize nakit olarak kabul edilebilir.<\/li>\n<\/ul>\n<p>Bu tur sizi sadece Pamukkale&#039;nin do\u011fal manzaralar\u0131n\u0131n b\u00fcy\u00fcleyici g\u00fczelli\u011fine kapt\u0131rmakla kalm\u0131yor, ayn\u0131 zamanda sizi antik Hierapolis&#039;te tarihi bir yolculu\u011fa da \u00e7\u0131kar\u0131yor. Termal sular\u0131n tedavi edici faydalar\u0131ndan yararlan\u0131n ve bu e\u015fsiz b\u00f6lgenin zengin k\u00fclt\u00fcrel miras\u0131n\u0131 ke\u015ffedin.<\/p>\n<p>&nbsp;<\/p>\n<p><strong>Pamukkale G\u00fcn\u00fcbirlik Gezi<\/strong><\/p>\n<p>Tarihin ve g\u00fczelli\u011fin \u00e7arp\u0131c\u0131 bir g\u00f6r\u00fcnt\u00fcs\u00fcyle antikli\u011fin do\u011fall\u0131kla bulu\u015ftu\u011fu, kapsaml\u0131 bir g\u00fcnl\u00fck turla Pamukkale&#039;nin ihti\u015fam\u0131na dal\u0131n. Termal maden sular\u0131 ve beyaz traverten teraslar\u0131yla bilinen Pamukkale veya \u201cPamuk Kalesi\u201d, Hierapolis antik kentiyle birlikte T\u00fcrkiye&#039;nin en ola\u011fan\u00fcst\u00fc yerlerinden birini ke\u015ffetmek i\u00e7in e\u015fsiz bir f\u0131rsat sunuyor.<\/p>\n<p><strong>Antik Sa\u011fl\u0131kl\u0131 Ya\u015fama Yolculuk<\/strong><\/p>\n<p><strong>Seyahat program\u0131:<\/strong><\/p>\n<ul>\n<li>G\u00fcn\u00fcn\u00fcz otelden al\u0131nmayla ba\u015flar ve ard\u0131ndan rahatlat\u0131c\u0131 bir kahvalt\u0131 molas\u0131 verilir.<\/li>\n<li>Bir k\u00f6y camisini ziyaret ederek yerel k\u00fclt\u00fcr\u00fc deneyimleyin.<\/li>\n<li>G\u00fczel Denizli \u015fehrinin \u00fczerinden ge\u00e7erek Pamukkale&#039;ye do\u011fru yola \u00e7\u0131kmadan \u00f6nce geleneksel bir restoranda \u00f6\u011fle yeme\u011finin tad\u0131n\u0131 \u00e7\u0131kar\u0131n.<\/li>\n<li>Do\u011fa harikas\u0131 ve UNESCO D\u00fcnya Miras\u0131 listesinde yer alan Pamukkale&#039;nin nefes kesen kire\u00e7ta\u015f\u0131 teraslar\u0131n\u0131 ke\u015ffedin.<\/li>\n<li>Hierapolis antik kentini ve nekropol\u00fcn\u00fc ziyaret ederek tarihin derinliklerine dal\u0131n, kal\u0131nt\u0131lar\u0131 ke\u015ffedin ve tarihi \u00f6nemlerini \u00f6\u011frenin.<\/li>\n<li>D\u00f6n\u00fc\u015f yolculu\u011fu Tavas kasabas\u0131n\u0131 ziyaret etmeyi ve geleneksel T\u00fcrk el sanatlar\u0131n\u0131n sergilendi\u011fi hal\u0131 tezgah\u0131nda durmay\u0131 i\u00e7eriyor.<\/li>\n<li>Gece yar\u0131s\u0131 otelinize geri transfer edilmeden \u00f6nce, Toros Da\u011flar\u0131 \u00fczerinden Antalya&#039;ya d\u00f6n\u00fc\u015f yolculu\u011funuzda g\u00fcn\u00fc ak\u015fam yeme\u011fi ile sonland\u0131r\u0131n.<\/li>\n<\/ul>\n<p><strong>Neler Dahil:<\/strong><\/p>\n<ul>\n<li>Otelinize ve otelinizden transferler.<\/li>\n<li>\u0130ngilizce, Almanca, Leh\u00e7e ve Rus\u00e7a dillerinde uzman rehberli\u011fi.<\/li>\n<li>\u00d6\u011fle ve ak\u015fam yemeklerinin yan\u0131 s\u0131ra Pamukkale&#039;ye giri\u015f dahil yemekler.<\/li>\n<\/ul>\n<p><strong>\u0130ste\u011fe ba\u011fl\u0131 ekstralar:<\/strong><\/p>\n<ul>\n<li>Kleopatra Termal Havuzunda (10\u20ac) ve K\u0131z\u0131l Su kaynaklar\u0131nda y\u00fczme \u015fans\u0131.<\/li>\n<\/ul>\n<p><strong>Ek Bilgiler:<\/strong><\/p>\n<ul>\n<li>Tur i\u00e7in \u00f6demeler otob\u00fcste do\u011frudan rehberimize nakit olarak yap\u0131labilir.<\/li>\n<li>Paketimiz Pamukkale&#039;de unutulmaz bir g\u00fcn ge\u00e7irmeniz i\u00e7in gerekli t\u00fcm unsurlar\u0131 i\u00e7ermektedir. Ek harcamalar i\u00e7ecekler ve iste\u011fe ba\u011fl\u0131 ekstralarla s\u0131n\u0131rl\u0131 oldu\u011fundan s\u00fcrpriz ya\u015fanmaz.<\/li>\n<\/ul>\n<p>Pamukkale&#039;deki bu g\u00fcn\u00fcbirlik tur, do\u011fal g\u00fczelliklerle antik tarihin zenginle\u015ftirici bir kar\u0131\u015f\u0131m\u0131n\u0131 sunuyor ve T\u00fcrkiye&#039;nin zengin miras\u0131na ve do\u011fal manzaralar\u0131na dalmak isteyen gezginler i\u00e7in ideal.<\/p>","protected":false},"excerpt":{"rendered":"<p>Pamukkale 2-Day Thermal Escape Embark on a two-day journey to Pamukkale and Hierapolis, one of the world&#8217;s oldest thermal cities and a UNESCO World Heritage site, known for its healing thermal waters and stunning white travertine terraces. This unforgettable tour offers a blend of natural wonders, ancient history, and the therapeutic powers of mineral-rich waters, [&hellip;]<\/p>","protected":false},"featured_media":9739,"comment_status":"open","ping_status":"closed","template":"","meta":{"_monsterinsights_skip_tracking":false,"_monsterinsights_sitenote_active":false,"_monsterinsights_sitenote_note":"","_monsterinsights_sitenote_category":0},"product_cat":[95],"product_tag":[],"class_list":{"0":"post-9737","1":"product","2":"type-product","3":"status-publish","4":"has-post-thumbnail","6":"product_cat-pamukkale-tour-from-alanya","8":"first","9":"instock","10":"shipping-taxable","11":"purchasable","12":"product-type-ovabrw_car_rental"},"aioseo_notices":[],"_links":{"self":[{"href":"https:\/\/activitiesinalanya.com\/tr\/wp-json\/wp\/v2\/product\/9737","targetHints":{"allow":["GET"]}}],"collection":[{"href":"https:\/\/activitiesinalanya.com\/tr\/wp-json\/wp\/v2\/product"}],"about":[{"href":"https:\/\/activitiesinalanya.com\/tr\/wp-json\/wp\/v2\/types\/product"}],"replies":[{"embeddable":true,"href":"https:\/\/activitiesinalanya.com\/tr\/wp-json\/wp\/v2\/comments?post=9737"}],"wp:featuredmedia":[{"embeddable":true,"href":"https:\/\/activitiesinalanya.com\/tr\/wp-json\/wp\/v2\/media\/9739"}],"wp:attachment":[{"href":"https:\/\/activitiesinalanya.com\/tr\/wp-json\/wp\/v2\/media?parent=9737"}],"wp:term":[{"taxonomy":"product_cat","embeddable":true,"href":"https:\/\/activitiesinalanya.com\/tr\/wp-json\/wp\/v2\/product_cat?post=9737"},{"taxonomy":"product_tag","embeddable":true,"href":"https:\/\/activitiesinalanya.com\/tr\/wp-json\/wp\/v2\/product_tag?post=9737"}],"curies":[{"name":"wp","href":"https:\/\/api.w.org\/{rel}","templated":true}]}}