{"id":9732,"date":"2024-01-14T03:04:02","date_gmt":"2024-01-14T00:04:02","guid":{"rendered":"https:\/\/activitiesinalanya.com\/?post_type=product&#038;p=9732"},"modified":"2026-04-24T15:58:05","modified_gmt":"2026-04-24T12:58:05","slug":"alanya-aquapark","status":"publish","type":"product","link":"https:\/\/activitiesinalanya.com\/tr\/urun\/alanya-aquapark\/","title":{"rendered":"Alanya Eftalia Aquapark her\u015fey dahil"},"content":{"rendered":"<p><strong>Alanya Eftalia Aquapark her\u015fey dahil<br \/>\n<\/strong><\/p>\n<p>Eftelia Adas\u0131&#039;nda yeti\u015fkinler i\u00e7in bumerang, kara delik, serbest d\u00fc\u015fme, kamikaze, b\u00fck\u00fcm gibi 14 adet dev su kayd\u0131ra\u011f\u0131 bulunmaktad\u0131r. \u00c7ocuklar i\u00e7in ise tropik kule, ahtapot, korsan gemisi gibi oyun alanlar\u0131 ve su kayd\u0131raklar\u0131ndan olu\u015fan 3 adet havuzlu geni\u015f bir alana sahiptir. , rafting Suda dinlendirici bir g\u00fcn ge\u00e7irmek i\u00e7in Alanya&#039;daki Eftalia Adas\u0131 Su Park\u0131&#039;n\u0131 ziyaret edin. Otelden alma ve otele b\u0131rakma ile g\u00fcn\u00fc stressiz ve dinlendirici hale getirin. Aileler \u00e7oklu kayd\u0131rak ve aile kayd\u0131raklar\u0131n\u0131n keyfini \u00e7\u0131kar\u0131rken, \u00e7ocuklar da bir\u00e7ok oyuncakla dolu \u00f6zel animasyonlu havuzun keyfini \u00e7\u0131karabilir. G\u00fcnl\u00fck 2.000 ki\u015fi kapasiteli park, ziyaret\u00e7ilerine \u00e7ocuklar ve yeti\u015fkinler i\u00e7in uygun bir\u00e7ok farkl\u0131 kayd\u0131ra\u011fa s\u0131n\u0131rs\u0131z eri\u015fim imkan\u0131 sunuyor. \u00c7e\u015fitli havuzlarda rahatlay\u0131n ve dalga havuzunda e\u011flenin. \u00d6\u011fleden sonra k\u00f6p\u00fck, m\u00fczik ve e\u011flencenin yan\u0131 s\u0131ra a\u00e7\u0131k b\u00fcfe \u00f6\u011fle yeme\u011fi, dondurma ve s\u0131n\u0131rs\u0131z i\u00e7eceklerin keyfini \u00e7\u0131kar\u0131n.<\/p>\n<p>&nbsp;<\/p>\n<p><strong>Neler Dahil:<\/strong><\/p>\n<ul>\n<li>Su park\u0131na gidi\u015f-d\u00f6n\u00fc\u015f transfer.<\/li>\n<li>Konaklaman\u0131z boyunca \u00e7e\u015fitli alkols\u00fcz i\u00e7eceklere s\u0131n\u0131rs\u0131z eri\u015fim.<\/li>\n<li>Parktaki t\u00fcm standart turistik mekanlara eri\u015fim i\u00e7in giri\u015f \u00fccreti.<\/li>\n<li>G\u00fcler y\u00fczl\u00fc personelimiz taraf\u0131ndan sa\u011flanan rehberlik ve yard\u0131m.<\/li>\n<\/ul>\n<p><strong>\u0130ste\u011fe ba\u011fl\u0131 ekstralar:<\/strong><\/p>\n<ul>\n<li>2\u20ac-5\u20ac aras\u0131nda de\u011fi\u015fen fast food men\u00fc \u00f6\u011feleri sat\u0131n al\u0131nabilir.<\/li>\n<li>Rafting ve bungee jumping gibi macera aktiviteleri.<\/li>\n<li>Park i\u00e7erisinde yap\u0131lan ki\u015fisel harcamalar.<\/li>\n<\/ul>\n<p><strong>Ek Bilgiler:<\/strong><\/p>\n<ul>\n<li>7-11 ya\u015f aras\u0131 \u00e7ocuklar i\u00e7in indirimli \u00e7ocuk fiyatlar\u0131 uygulan\u0131rken, 0-6 ya\u015f aras\u0131 \u00e7ocuklar otob\u00fcste koltuksuz olarak \u00fccretsiz giri\u015f hakk\u0131na sahiptir.<\/li>\n<li>Tur ve iste\u011fe ba\u011fl\u0131 ekstralar i\u00e7in \u00f6demeler do\u011frudan otob\u00fcste rehberimize nakit olarak yap\u0131labilir.<\/li>\n<\/ul>","protected":false},"excerpt":{"rendered":"<p>Alanya Eftalia Aquapark all inclusive Eftelia Island has 14 huge water slides for adults such as boomerang, black hole, free fall, kamikaze, twister.. For children,it has a large area with 3 pools consisting of playgrounds and water slides such as tropical tower, octopus, pirate ship, rafting Visit Eftalia Island Water Park in Alanya for a [&hellip;]<\/p>","protected":false},"featured_media":9733,"comment_status":"open","ping_status":"closed","template":"","meta":{"_monsterinsights_skip_tracking":false,"_monsterinsights_sitenote_active":false,"_monsterinsights_sitenote_note":"","_monsterinsights_sitenote_category":0},"product_cat":[94],"product_tag":[],"class_list":{"0":"post-9732","1":"product","2":"type-product","3":"status-publish","4":"has-post-thumbnail","6":"product_cat-alanya-aquapark","8":"first","9":"instock","10":"sale","11":"shipping-taxable","12":"purchasable","13":"product-type-ovabrw_car_rental"},"aioseo_notices":[],"_links":{"self":[{"href":"https:\/\/activitiesinalanya.com\/tr\/wp-json\/wp\/v2\/product\/9732","targetHints":{"allow":["GET"]}}],"collection":[{"href":"https:\/\/activitiesinalanya.com\/tr\/wp-json\/wp\/v2\/product"}],"about":[{"href":"https:\/\/activitiesinalanya.com\/tr\/wp-json\/wp\/v2\/types\/product"}],"replies":[{"embeddable":true,"href":"https:\/\/activitiesinalanya.com\/tr\/wp-json\/wp\/v2\/comments?post=9732"}],"wp:featuredmedia":[{"embeddable":true,"href":"https:\/\/activitiesinalanya.com\/tr\/wp-json\/wp\/v2\/media\/9733"}],"wp:attachment":[{"href":"https:\/\/activitiesinalanya.com\/tr\/wp-json\/wp\/v2\/media?parent=9732"}],"wp:term":[{"taxonomy":"product_cat","embeddable":true,"href":"https:\/\/activitiesinalanya.com\/tr\/wp-json\/wp\/v2\/product_cat?post=9732"},{"taxonomy":"product_tag","embeddable":true,"href":"https:\/\/activitiesinalanya.com\/tr\/wp-json\/wp\/v2\/product_tag?post=9732"}],"curies":[{"name":"wp","href":"https:\/\/api.w.org\/{rel}","templated":true}]}}