{"id":9717,"date":"2024-01-14T01:32:37","date_gmt":"2024-01-13T22:32:37","guid":{"rendered":"https:\/\/activitiesinalanya.com\/?post_type=product&#038;p=9717"},"modified":"2026-04-24T15:58:21","modified_gmt":"2026-04-24T12:58:21","slug":"alanya-dolphin-show","status":"publish","type":"product","link":"https:\/\/activitiesinalanya.com\/tr\/urun\/alanya-dolphin-show\/","title":{"rendered":"Alanya Yunus G\u00f6sterisi"},"content":{"rendered":"<div class=\"header-ul\"><\/div>\n<div class=\"header-ul\">\n<h3><img decoding=\"async\" class=\"rounded img-fluid float-sm-left mt-2 mr-sm-4 mb-2\" style=\"font-size: 16px;\" src=\"https:\/\/www.dailytoursinalanya.com\/Content\/images\/tours\/16\/thumb\/alanya-dolphin-show-9.webp\" alt=\"Alanya Dolphin Show 2\" \/><\/h3>\n<p><strong>Sea Alanya Yunus Park\u0131&#039;nda Yunus G\u00f6sterisi G\u00f6sterisi<\/strong><\/p>\n<p>Avrupa&#039;n\u0131n en b\u00fcy\u00fck yunus park\u0131 olan Sea Alanya Yunus Park\u0131&#039;n\u0131 ziyaret ederek su harikalar\u0131 d\u00fcnyas\u0131na dal\u0131n. Her ya\u015ftan izleyiciyi b\u00fcy\u00fclemeyi ve memnun etmeyi vaat eden bu muhte\u015fem g\u00f6steride, bu muhte\u015fem yarat\u0131klar\u0131n zarafetine ve zekas\u0131na tan\u0131k olma f\u0131rsat\u0131n\u0131 yakalay\u0131n. \u0130ster \u00f6m\u00fcr boyu s\u00fcren bir hayali ger\u00e7ekle\u015ftiriyor olun, ister sadece tatiliniz s\u0131ras\u0131nda unutulmaz bir deneyim ar\u0131yor olun, Sea Alanya&#039;daki yunus g\u00f6sterisi ka\u00e7\u0131r\u0131lmamas\u0131 gereken bir \u015feydir.<\/p>\n<p><strong>Yunuslar\u0131n B\u00fcy\u00fcs\u00fcn\u00fc Ya\u015fay\u0131n<\/strong><\/p>\n<p>G\u00f6steri s\u0131ras\u0131nda yunuslar\u0131n inan\u0131lmaz \u00e7evikliklerini, zekalar\u0131n\u0131 ve dost canl\u0131s\u0131 do\u011falar\u0131n\u0131 sergileyen muhte\u015fem performanslar\u0131na hayran kalacaks\u0131n\u0131z. Bu g\u00fczel memelilerin insanlarla ba\u011flant\u0131 kurma, kalplere dokunma ve ne\u015fe ve merak dolu anlar yaratma konusunda benzersiz bir yolu var.<\/p>\n<p><strong>Yunuslara kat\u0131l\u0131n<\/strong><\/p>\n<p>Daha da yak\u0131nla\u015fmak isteyenler i\u00e7in park, yunuslarla \u00f6m\u00fcrde bir kez y\u00fczebilecekleri bir deneyim sunuyor. Ek \u00fccret kar\u015f\u0131l\u0131\u011f\u0131nda havuza girip bu dost canl\u0131lar\u0131n yan\u0131nda y\u00fczebilir, hem heyecan verici hem de i\u00e7 a\u00e7\u0131c\u0131 bir deneyim ya\u015fayabilirsiniz.<\/p>\n<p><strong>Operasyon G\u00fcnleri:<\/strong><\/p>\n<p>Yunus g\u00f6sterileri, her g\u00fcn iki performansla her g\u00fcn d\u00fczenleniyor ve bu muhte\u015fem g\u00f6steriyi yakalamak i\u00e7in bir\u00e7ok f\u0131rsat sunuyor.<\/p>\n<p><strong>Neler Dahil:<\/strong><\/p>\n<ul>\n<li>Parka kolay eri\u015fim i\u00e7in otelden alma ve b\u0131rakma hizmeti.<\/li>\n<li>Deneyiminizi geli\u015ftirmek i\u00e7in profesyonel rehberlik.<\/li>\n<li>Yunuslar\u0131n g\u00fczelli\u011fini ve zekas\u0131n\u0131 sergileyen bir saat s\u00fcren yunus g\u00f6sterisi.<\/li>\n<\/ul>\n<p><strong>\u0130ste\u011fe ba\u011fl\u0131 ekstralar:<\/strong><\/p>\n<ul>\n<li>Parkta i\u00e7ecek ve yiyecek gibi ki\u015fisel harcamalar.<\/li>\n<li>25 dakikal\u0131k bir seansta yunuslarla y\u00fczme \u015fans\u0131 (130\u20ac).<\/li>\n<li>\u00d6zel anlar\u0131n\u0131z\u0131 \u00f6l\u00fcms\u00fczle\u015ftiren yunuslarla hat\u0131ra foto\u011fraflar\u0131.<\/li>\n<\/ul>\n<p><strong>Ek Bilgiler:<\/strong><\/p>\n<ul>\n<li>4-9 ya\u015f aras\u0131 \u00e7ocuklar i\u00e7in indirimli fiyatlar, 3 ya\u015f alt\u0131 \u00e7ocuklar ise \u00fccretsiz giri\u015f imkan\u0131ndan yararlan\u0131r.<\/li>\n<li>3 ya\u015f alt\u0131 \u00e7ocuklar\u0131n yunuslarla y\u00fczmesine izin verilmemekte olup, 4-6 ya\u015f aras\u0131 \u00e7ocuklara bir yeti\u015fkinin e\u015flik etmesi gerekmektedir.<\/li>\n<li>Yerinizi garanti alt\u0131na almak i\u00e7in \u00f6zellikle yo\u011fun sezonda y\u00fczme seanslar\u0131 i\u00e7in \u00f6nceden rezervasyon yapt\u0131rman\u0131z \u00f6nerilir.<\/li>\n<li>Tur ve iste\u011fe ba\u011fl\u0131 ekstralar i\u00e7in \u00f6deme, otob\u00fcste do\u011frudan rehberimize nakit olarak yap\u0131labilir.<\/li>\n<\/ul>\n<p>Yunus g\u00f6sterilerinin b\u00fcy\u00fcs\u00fc ve bu b\u00fcy\u00fcleyici canl\u0131larla y\u00fczme keyfinin sizi bekledi\u011fi Sea Alanya Yunus Park\u0131&#039;nda unutulmaz bir g\u00fcne haz\u0131rlan\u0131n.<\/p>\n<p><strong>Gezinin maliyeti 4 ila 9 ya\u015f aras\u0131 \u00e7ocuklar i\u00e7in - 25 Euro, 3 ya\u015f\u0131n alt\u0131ndaki \u00e7ocuklar i\u00e7in - \u00fccretsizdir.<\/strong><\/p>\n<\/div>","protected":false},"excerpt":{"rendered":"<p>Dolphin Show Extravaganza at Sea Alanya Dolphin Park Dive into a world of aquatic wonder with a visit to Sea Alanya Dolphin Park, the largest dolphin park in Europe. Embrace the opportunity to witness the grace and intelligence of these magnificent creatures in a spectacular show that promises to captivate and delight audiences of all [&hellip;]<\/p>","protected":false},"featured_media":9719,"comment_status":"open","ping_status":"closed","template":"","meta":{"_monsterinsights_skip_tracking":false,"_monsterinsights_sitenote_active":false,"_monsterinsights_sitenote_note":"","_monsterinsights_sitenote_category":0},"product_cat":[91],"product_tag":[],"class_list":{"0":"post-9717","1":"product","2":"type-product","3":"status-publish","4":"has-post-thumbnail","6":"product_cat-alanya-dolphin-show","8":"first","9":"instock","10":"sale","11":"shipping-taxable","12":"purchasable","13":"product-type-ovabrw_car_rental"},"aioseo_notices":[],"_links":{"self":[{"href":"https:\/\/activitiesinalanya.com\/tr\/wp-json\/wp\/v2\/product\/9717","targetHints":{"allow":["GET"]}}],"collection":[{"href":"https:\/\/activitiesinalanya.com\/tr\/wp-json\/wp\/v2\/product"}],"about":[{"href":"https:\/\/activitiesinalanya.com\/tr\/wp-json\/wp\/v2\/types\/product"}],"replies":[{"embeddable":true,"href":"https:\/\/activitiesinalanya.com\/tr\/wp-json\/wp\/v2\/comments?post=9717"}],"wp:featuredmedia":[{"embeddable":true,"href":"https:\/\/activitiesinalanya.com\/tr\/wp-json\/wp\/v2\/media\/9719"}],"wp:attachment":[{"href":"https:\/\/activitiesinalanya.com\/tr\/wp-json\/wp\/v2\/media?parent=9717"}],"wp:term":[{"taxonomy":"product_cat","embeddable":true,"href":"https:\/\/activitiesinalanya.com\/tr\/wp-json\/wp\/v2\/product_cat?post=9717"},{"taxonomy":"product_tag","embeddable":true,"href":"https:\/\/activitiesinalanya.com\/tr\/wp-json\/wp\/v2\/product_tag?post=9717"}],"curies":[{"name":"wp","href":"https:\/\/api.w.org\/{rel}","templated":true}]}}