{"id":10001,"date":"2024-03-29T01:39:40","date_gmt":"2024-03-28T22:39:40","guid":{"rendered":"https:\/\/activitiesinalanya.com\/?post_type=product&#038;p=10001"},"modified":"2026-02-15T11:07:51","modified_gmt":"2026-02-15T08:07:51","slug":"quad-safari","status":"publish","type":"product","link":"https:\/\/activitiesinalanya.com\/tr\/urun\/quad-safari\/","title":{"rendered":"D\u00f6rtl\u00fc Safari"},"content":{"rendered":"<div class=\"header-ul\"><\/div>\n<div class=\"header-ul\">\n<h3><img decoding=\"async\" class=\"rounded img-fluid float-sm-left mt-2 mr-sm-4 mb-2\" style=\"font-size: 16px;\" src=\"https:\/\/www.dailytoursinalanya.com\/Content\/images\/tours\/5\/thumb\/alanya-jeep-safari-14.webp\" alt=\"Alanya Jeep Safari 2\" \/><\/h3>\n<\/div>\n<div class=\"content-text\">\n<p><strong>Alanya&#039;da ATV Safari Maceras\u0131<\/strong><\/p>\n<p>Heyecan, adrenalin ve macera dolu bir yolculuk olan Alanya&#039;da b\u00fcy\u00fcleyici bir ATV safari turuna dal\u0131n. Bu tur, Toros Da\u011flar\u0131&#039;n\u0131n yemye\u015fil \u00e7am ormanlar\u0131yla kapl\u0131 eteklerinin pitoresk fonunda d\u00fczenleniyor. Unutulmaz bir ke\u015fif i\u00e7in bu muhte\u015fem manzaray\u0131 \u00e7aprazlayan off-road, \u00e7amurlu yollarda gezinin.<\/p>\n<p><strong>Tura Genel Bak\u0131\u015f<\/strong><\/p>\n<p>Alanya ATV safari keyfi i\u00e7in herhangi bir \u00f6n tecr\u00fcbe veya ehliyet gerekmemektedir. D\u00f6rtl\u00fcler kullan\u0131c\u0131 dostudur, otomatik \u015fanz\u0131manla donat\u0131lm\u0131\u015ft\u0131r ve gaz ve fren kontrolleri i\u00e7in yaln\u0131zca ellerin kullan\u0131lmas\u0131n\u0131 gerektirir. Kapsaml\u0131 bir brifing ve yetenekli rehberlerimiz ve e\u011fitmenlerimiz e\u015fli\u011finde yap\u0131lacak bir test s\u00fcr\u00fc\u015f\u00fcn\u00fcn ard\u0131ndan heyecan verici bir maceraya at\u0131lacaks\u0131n\u0131z. ATV safari, dinlenme molalar\u0131, foto\u011fraf \u00e7ekimleri ve nehirde serinletici bir y\u00fczmeyle birlikte yakla\u015f\u0131k 2,5 ila 3 saatte yakla\u015f\u0131k 25 kilometrelik bir alan\u0131 kaps\u0131yor.<\/p>\n<p><strong>Esnek S\u00fcr\u00fc\u015f Se\u00e7enekleri<\/strong><\/p>\n<p>Kat\u0131l\u0131mc\u0131lar, ek olarak 7 \u20ac kar\u015f\u0131l\u0131\u011f\u0131nda ATV&#039;ye tek ba\u015f\u0131na binme veya bir partnerle ATV&#039;yi payla\u015fma esnekli\u011fine sahip olacak. 12 ya\u015f\u0131n alt\u0131ndaki \u00e7ocuklar, aile dostu bir deneyim sa\u011flamak i\u00e7in ebeveynlerine ayn\u0131 d\u00f6rtl\u00fcde e\u015flik edebilir. G\u00fcvenli\u011finiz bizim \u00f6nceli\u011fimizdir ve tur boyunca kask ve profesyonel e\u011fitmenlerin rehberli\u011fini sa\u011fl\u0131yoruz.<\/p>\n<p><strong>Neler Dahil:<\/strong><\/p>\n<ul>\n<li>Otelden alma ve b\u0131rakma<\/li>\n<li>Uzman rehberli\u011fi<\/li>\n<li>Kask<\/li>\n<\/ul>\n<p><strong>\u0130ste\u011fe ba\u011fl\u0131 ekstralar:<\/strong><\/p>\n<ul>\n<li>Hat\u0131ra foto\u011fraflar\u0131 ve DVD<\/li>\n<li>\u0130kramlar<\/li>\n<\/ul>\n<p><strong>Ek Bilgi ve \u00d6neriler:<\/strong><\/p>\n<ul>\n<li>Y\u00fcz\u00fcn\u00fcz\u00fc tozdan korumak i\u00e7in g\u00fcne\u015f kremi, y\u00fczme k\u0131yafeti (y\u00fczme molas\u0131 i\u00e7in), rahat ayakkab\u0131lar, g\u00fcne\u015f g\u00f6zl\u00fc\u011f\u00fc ve bandana veya mendil kullanman\u0131z\u0131 \u00f6neririz.<\/li>\n<li>G\u00fcne\u015f g\u00f6zl\u00fc\u011f\u00fc ve bandanalar\u0131 rehberimizden sat\u0131n alabilirsiniz.<\/li>\n<li>\u00d6demeler do\u011frudan tur rehberimize nakit olarak yap\u0131labilir.<\/li>\n<\/ul>\n<p>Unutulmaz bir yolculukta maceran\u0131n do\u011fayla bulu\u015ftu\u011fu, Alanya&#039;n\u0131n engebeli manzaralar\u0131n\u0131 ATV&#039;nin e\u015fsiz bak\u0131\u015f a\u00e7\u0131s\u0131yla deneyimlemeye haz\u0131rlan\u0131n.<\/p>\n<\/div>","protected":false},"excerpt":{"rendered":"<p>Alanya&#039;da ATV Safari Maceras\u0131 Heyecan, adrenalin ve macera dolu bir yolculuk olan Alanya&#039;da heyecan verici bir ATV safari turuna kat\u0131l\u0131n. Bu tur, yemye\u015fil \u00e7am ormanlar\u0131yla \u00e7evrili Toros Da\u011flar\u0131&#039;n\u0131n eteklerinin pitoresk manzaras\u0131na kar\u015f\u0131 d\u00fczenleniyor. Unutulmaz bir ke\u015fif i\u00e7in bu muhte\u015fem manzaray\u0131 \u00e7aprazlayan arazi d\u0131\u015f\u0131, \u00e7amurlu patikalarda ilerleyin. Tur \u00d6zeti [\u2026]<\/p>","protected":false},"featured_media":10264,"comment_status":"open","ping_status":"closed","template":"","meta":{"_monsterinsights_skip_tracking":false,"_monsterinsights_sitenote_active":false,"_monsterinsights_sitenote_note":"","_monsterinsights_sitenote_category":0},"product_cat":[97],"product_tag":[],"class_list":{"0":"post-10001","1":"product","2":"type-product","3":"status-publish","4":"has-post-thumbnail","6":"product_cat-alanya-jeep-safari","8":"first","9":"instock","10":"sale","11":"shipping-taxable","12":"purchasable","13":"product-type-ovabrw_car_rental"},"aioseo_notices":[],"_links":{"self":[{"href":"https:\/\/activitiesinalanya.com\/tr\/wp-json\/wp\/v2\/product\/10001","targetHints":{"allow":["GET"]}}],"collection":[{"href":"https:\/\/activitiesinalanya.com\/tr\/wp-json\/wp\/v2\/product"}],"about":[{"href":"https:\/\/activitiesinalanya.com\/tr\/wp-json\/wp\/v2\/types\/product"}],"replies":[{"embeddable":true,"href":"https:\/\/activitiesinalanya.com\/tr\/wp-json\/wp\/v2\/comments?post=10001"}],"wp:featuredmedia":[{"embeddable":true,"href":"https:\/\/activitiesinalanya.com\/tr\/wp-json\/wp\/v2\/media\/10264"}],"wp:attachment":[{"href":"https:\/\/activitiesinalanya.com\/tr\/wp-json\/wp\/v2\/media?parent=10001"}],"wp:term":[{"taxonomy":"product_cat","embeddable":true,"href":"https:\/\/activitiesinalanya.com\/tr\/wp-json\/wp\/v2\/product_cat?post=10001"},{"taxonomy":"product_tag","embeddable":true,"href":"https:\/\/activitiesinalanya.com\/tr\/wp-json\/wp\/v2\/product_tag?post=10001"}],"curies":[{"name":"wp","href":"https:\/\/api.w.org\/{rel}","templated":true}]}}