{"id":10197,"date":"2024-05-13T15:17:51","date_gmt":"2024-05-13T12:17:51","guid":{"rendered":"https:\/\/activitiesinalanya.com\/?page_id=10197"},"modified":"2025-04-04T15:24:20","modified_gmt":"2025-04-04T12:24:20","slug":"distance-selling-agreement","status":"publish","type":"page","link":"https:\/\/activitiesinalanya.com\/tr\/distance-selling-agreement\/","title":{"rendered":"Mesafeli Sat\u0131\u015f S\u00f6zle\u015fmesi"},"content":{"rendered":"<div data-elementor-type=\"wp-page\" data-elementor-id=\"10197\" class=\"elementor elementor-10197\">\n\t\t\t\t\t\t\t<div class=\"elementor-element elementor-element-f426ae9 e-flex e-con-boxed e-con e-parent\" data-id=\"f426ae9\" data-element_type=\"container\" data-settings=\"{&quot;content_width&quot;:&quot;boxed&quot;}\" data-core-v316-plus=\"true\">\n\t\t\t\t\t<div class=\"e-con-inner\">\n\t\t\t\t<div class=\"elementor-element elementor-element-1603c76 elementor-widget elementor-widget-text-editor\" data-id=\"1603c76\" data-element_type=\"widget\" data-widget_type=\"text-editor.default\">\n\t\t\t\t<div class=\"elementor-widget-container\">\n\t\t\t<style>\/*! elementor - v3.18.0 - 20-12-2023 *\/\n.elementor-widget-text-editor.elementor-drop-cap-view-stacked .elementor-drop-cap{background-color:#69727d;color:#fff}.elementor-widget-text-editor.elementor-drop-cap-view-framed .elementor-drop-cap{color:#69727d;border:3px solid;background-color:transparent}.elementor-widget-text-editor:not(.elementor-drop-cap-view-default) .elementor-drop-cap{margin-top:8px}.elementor-widget-text-editor:not(.elementor-drop-cap-view-default) .elementor-drop-cap-letter{width:1em;height:1em}.elementor-widget-text-editor .elementor-drop-cap{float:left;text-align:center;line-height:1;font-size:50px}.elementor-widget-text-editor .elementor-drop-cap-letter{display:inline-block}<\/style>\t\t\t\t<p><strong>ALANYA \u0130CA TURU MESAFE SATI\u015e S\u00d6ZLE\u015eMES\u0130<\/strong><\/p><p><strong>MADDE 1 \u2013 TARAFLAR<\/strong><\/p><p><strong>Sat\u0131c\u0131:<\/strong> <strong>Firma Ad\u0131:<\/strong> Alanya \u0130ca Turu <strong>Web sitesi:<\/strong> <a href=\"https:\/\/activitiesinalanya.com\/tr\/\" target=\"_new\" rel=\"noreferrer\">www.activitiesinalanya.com<\/a> <strong>Adres:<\/strong> K\u0131zlar P\u0131nar\u0131 Mah. \u00d6\u011fretmenevi Sok. No:4\/3 Alanya\/Antalya <strong>Telefon:<\/strong> +90 507 456 63 88 <strong>E-posta:<\/strong> <a target=\"_new\" rel=\"noreferrer\">info@activitiesinalanya.com<\/a><\/p><p><strong>Al\u0131c\u0131:<\/strong> <strong>Ad\u0131n\u0131z Soyad\u0131n\u0131z:<\/strong> [Al\u0131c\u0131n\u0131n Ad\u0131 Soyad\u0131] <strong>Adres:<\/strong> [Al\u0131c\u0131n\u0131n Adresi] <strong>Telefon:<\/strong> [Al\u0131c\u0131n\u0131n Telefon Numaras\u0131] <strong>E-posta:<\/strong> [Al\u0131c\u0131n\u0131n E-posta Adresi]<\/p><p><strong>MADDE 2 \u2013 KONU<\/strong><\/p><p>\u0130\u015fbu s\u00f6zle\u015fmenin konusu, ALICI&#039;n\u0131n SATICI&#039;n\u0131n internet sitesinden elektronik ortamda sipari\u015f etti\u011fi, a\u015fa\u011f\u0131da \u00f6zellikleri ve sat\u0131\u015f bedeli belirtilen hizmetin sat\u0131\u015f\u0131 ve teslimidir. <a href=\"https:\/\/activitiesinalanya.com\/tr\/\" target=\"_new\" rel=\"noreferrer\">www.activitiesinalanya.com<\/a>6502 say\u0131l\u0131 T\u00fcketicinin Korunmas\u0131 Hakk\u0131nda Kanun ve Mesafeli S\u00f6zle\u015fmeler Y\u00f6netmeli\u011fi h\u00fck\u00fcmlerine uygun olarak, taraflar\u0131n hak ve y\u00fck\u00fcml\u00fcl\u00fcklerini belirlemek amac\u0131yla;<\/p><p><strong>MADDE 3 \u2013 H\u0130ZMET\u0130N \u00d6ZELL\u0130KLER\u0130 VE F\u0130YATI<\/strong><\/p><p><strong>Hizmet T\u00fcr\u00fc:<\/strong> [Hizmet T\u00fcr\u00fc (\u00f6rne\u011fin, tur, gezi, aktivite)] <strong>Hizmet Ad\u0131:<\/strong> [Hizmet Ad\u0131] <strong>Toplam Hizmet Bedeli:<\/strong> [Toplam Hizmet Bedeli] TL <strong>\u00d6deme y\u00f6ntemi:<\/strong> [\u00d6deme y\u00f6ntemi]<\/p><p><strong>MADDE 4 \u2013 TESL\u0130MAT VE \u0130FASI<\/strong><\/p><p>4.1. Hizmet, s\u00f6zle\u015fmenin imzaland\u0131\u011f\u0131 tarihten itibaren [XX] g\u00fcn i\u00e7inde ALICI&#039;ya teslim edilecektir.<\/p><p>4.2. \u0130fa yeri: [\u0130fa Yeri]<\/p><p><strong>MADDE 5 \u2013 CAYMA HAKKI<\/strong><\/p><p>5.1. ALICI, teslim tarihinden itibaren 14 (on d\u00f6rt) g\u00fcn i\u00e7inde hizmetten cayma hakk\u0131na sahiptir.<\/p><p>5.2. Cayma hakk\u0131n\u0131n kullan\u0131lmas\u0131 i\u00e7in bu s\u00fcre i\u00e7inde SATICI&#039;ya yaz\u0131l\u0131 bildirimde bulunulmas\u0131 gerekmektedir.<\/p><p><strong>MADDE 6 \u2013 Y\u00dcK\u00dcML\u00dcL\u00dcKLER<\/strong><\/p><p>6.1. SATICI, s\u00f6zle\u015fmeye uygun olarak hizmeti, eksiksiz ve belirtilen niteliklere uygun olarak vermekle y\u00fck\u00fcml\u00fcd\u00fcr.<\/p><p>6.2. ALICI, s\u00f6zle\u015fmede belirtilen hizmet bedelini \u00f6demekle y\u00fck\u00fcml\u00fcd\u00fcr.<\/p><p><strong>MADDE 7 \u2013 UYU\u015eMAZLIKLARIN \u00c7\u00d6Z\u00dcM\u00dc<\/strong><\/p><p>Bu s\u00f6zle\u015fmeden do\u011fabilecek uyu\u015fmazl\u0131klar\u0131n \u00e7\u00f6z\u00fcm\u00fcnde T\u00fcketici Hakem Heyetleri ve T\u00fcketici Mahkemeleri yetkilidir.<\/p><p><strong>MADDE 8 \u2013 Y\u00dcR\u00dcRL\u00dcK<\/strong><\/p><p>\u0130\u015fbu s\u00f6zle\u015fme ALICI taraf\u0131ndan elektronik ortamda onaylanmas\u0131 ile y\u00fcr\u00fcrl\u00fc\u011fe girer.<\/p><p><strong>MADDE 9 \u2013 D\u0130\u011eER H\u00dcK\u00dcMLER<\/strong><\/p><p>9.1. \u0130\u015fbu s\u00f6zle\u015fme taraflarca okunup anla\u015f\u0131lm\u0131\u015f ve imzalanm\u0131\u015ft\u0131r.<\/p><p>9.2. S\u00f6zle\u015fmede belirtilmeyen hususlarda ilgili mevzuat h\u00fck\u00fcmleri uygulan\u0131r.<\/p><hr \/><p><strong>SATICI:<\/strong><br \/>Ad\u0131n\u0131z Soyad\u0131n\u0131z:<br \/>Tarih:<br \/>\u0130mza:<\/p><p><strong>ALICI:<\/strong><br \/>Ad\u0131n\u0131z Soyad\u0131n\u0131z:<br \/>Tarih:<br \/>\u0130mza:<\/p>\t\t\t\t\t\t<\/div>\n\t\t\t\t<\/div>\n\t\t\t\t\t<\/div>\n\t\t\t\t<\/div>\n\t\t\t\t\t\t\t<\/div>","protected":false},"excerpt":{"rendered":"<p>ALANYA \u0130CA TOUR DISTANCE SALES AGREEMENT ARTICLE 1 &#8211; PARTIES Seller: Company Name: Alanya \u0130ca Tour Website: www.activitiesinalanya.com Address: K\u0131zlar P\u0131nar\u0131 Mah. \u00d6\u011fretmenevi Sok. No:4\/3 Alanya\/Antalya Phone: +90 507 456 63 88 Email: info@activitiesinalanya.com Buyer: Name Surname: [Buyer&#8217;s Name Surname] Address: [Buyer&#8217;s Address] Phone: [Buyer&#8217;s Phone Number] Email: [Buyer&#8217;s Email Address] ARTICLE 2 &#8211; SUBJECT [&hellip;]<\/p>","protected":false},"author":1,"featured_media":0,"parent":0,"menu_order":0,"comment_status":"closed","ping_status":"closed","template":"elementor_header_footer","meta":{"_monsterinsights_skip_tracking":false,"_monsterinsights_sitenote_active":false,"_monsterinsights_sitenote_note":"","_monsterinsights_sitenote_category":0,"footnotes":""},"class_list":["post-10197","page","type-page","status-publish","hentry"],"aioseo_notices":[],"_links":{"self":[{"href":"https:\/\/activitiesinalanya.com\/tr\/wp-json\/wp\/v2\/pages\/10197","targetHints":{"allow":["GET"]}}],"collection":[{"href":"https:\/\/activitiesinalanya.com\/tr\/wp-json\/wp\/v2\/pages"}],"about":[{"href":"https:\/\/activitiesinalanya.com\/tr\/wp-json\/wp\/v2\/types\/page"}],"author":[{"embeddable":true,"href":"https:\/\/activitiesinalanya.com\/tr\/wp-json\/wp\/v2\/users\/1"}],"replies":[{"embeddable":true,"href":"https:\/\/activitiesinalanya.com\/tr\/wp-json\/wp\/v2\/comments?post=10197"}],"version-history":[{"count":7,"href":"https:\/\/activitiesinalanya.com\/tr\/wp-json\/wp\/v2\/pages\/10197\/revisions"}],"predecessor-version":[{"id":10341,"href":"https:\/\/activitiesinalanya.com\/tr\/wp-json\/wp\/v2\/pages\/10197\/revisions\/10341"}],"wp:attachment":[{"href":"https:\/\/activitiesinalanya.com\/tr\/wp-json\/wp\/v2\/media?parent=10197"}],"curies":[{"name":"wp","href":"https:\/\/api.w.org\/{rel}","templated":true}]}}