{"id":9763,"date":"2024-01-14T21:31:54","date_gmt":"2024-01-14T18:31:54","guid":{"rendered":"https:\/\/activitiesinalanya.com\/?post_type=product&#038;p=9763"},"modified":"2026-05-07T01:52:16","modified_gmt":"2026-05-06T22:52:16","slug":"alanya-diving","status":"publish","type":"product","link":"https:\/\/activitiesinalanya.com\/de\/urun\/alanya-diving\/","title":{"rendered":"Alanya Tauchen"},"content":{"rendered":"<div class=\"header-ul\"><\/div>\n<div class=\"header-ul\">\n<h3><img decoding=\"async\" class=\"rounded img-fluid float-sm-left mt-2 mr-sm-4 mb-2\" style=\"font-size: 16px;\" src=\"https:\/\/www.dailytoursinalanya.com\/Content\/images\/tours\/7\/thumb\/alanya-diving-17.webp\" alt=\"Alanya Diving 2\" \/><\/h3>\n<\/div>\n<div class=\"content-text\">\n<div class=\"d-sm-flex align-items-center r1\">\n<div class=\"order-sm-1\">\n<p><strong>Alanya Tauchabenteuer<\/strong><\/p>\n<p>Begeben Sie sich mit der Alanya Scuba Diving Tour auf eine spannende und faszinierende Reise in die Unterwasserwelt. Dieses Erlebnis bietet Ihnen die einmalige Gelegenheit, das reiche Meeresleben des Mittelmeers zu erkunden und das Gef\u00fchl der v\u00f6lligen Schwerelosigkeit unter den Wellen zu genie\u00dfen. Mit Tauchg\u00e4ngen rund um die spektakul\u00e4re K\u00fcste der Burg von Alanya, wo steile Klippen zu faszinierenden Abh\u00e4ngen unter dem Meeresspiegel f\u00fchren, ist dieses Abenteuer sowohl f\u00fcr Anf\u00e4nger als auch f\u00fcr erfahrene Taucher perfekt.<\/p>\n<p><strong>Tauchen Sie ein ins Blaue<\/strong><\/p>\n<p><strong>Route:<\/strong><\/p>\n<ul>\n<li>Beginnen Sie mit einem Transfer zum Tauchboot, wo Sie die Registrierung und den Check-in abschlie\u00dfen.<\/li>\n<li>Erhalten Sie von erfahrenen Tauchlehrern eine umfassende Einweisung in Tauchverfahren, Bootsroutine und Sicherheitsma\u00dfnahmen.<\/li>\n<li>Anschlie\u00dfend bilden Tauchlehrer Gruppen f\u00fcr den ersten Tauchgang und f\u00fchren Sie in das lebendige Unterwasserleben und die ruhige Schwerelosigkeit des Meeres ein.<\/li>\n<li>Genie\u00dfen Sie ein k\u00f6stliches Mittagessen auf dem Boot und haben Sie Zeit zum Entspannen, Sonnenbaden und Schnorcheln.<\/li>\n<li>Bereiten Sie sich am Nachmittag auf einen zweiten Tauchgang an einem neuen Ort vor und erkunden Sie die Wunder der Unterwasserwelt noch weiter.<\/li>\n<li>Am sp\u00e4ten Nachmittag kehrt das Boot zum Hafen von Alanya zur\u00fcck, anschlie\u00dfend erfolgt der Transfer zur\u00fcck zu den Hotels.<\/li>\n<\/ul>\n<p><strong>Was ist inbegriffen:<\/strong><\/p>\n<ul>\n<li>Zwei Tauchg\u00e4nge in den atemberaubenden Gew\u00e4ssern von Alanya.<\/li>\n<li>Ein herzhaftes Mittagessen an Bord (Auswahl zwischen gegrilltem Fisch oder H\u00fchnchen, begleitet von drei Salatsorten und entweder Makkaroni oder Reis).<\/li>\n<li>Professionelle Anleitung und Unterweisung durch erfahrene Tauchlehrer.<\/li>\n<li>Eine komplette Tauchausr\u00fcstung wird f\u00fcr alle Teilnehmer bereitgestellt.<\/li>\n<\/ul>\n<p><strong>Optionale Extras:<\/strong><\/p>\n<ul>\n<li>Getr\u00e4nke k\u00f6nnen k\u00e4uflich erworben werden.<\/li>\n<li>Erinnerungsfotos und DVD Ihres Unterwassererlebnisses.<\/li>\n<\/ul>\n<p><strong>Weitere Informationen:<\/strong><\/p>\n<ul>\n<li>Die Yacht ist f\u00fcr Ihren Komfort mit Umkleidekabinen, Toiletten, WCs und Duschen ausgestattet.<\/li>\n<li>Die Bezahlung der Tour sowie eventueller Zusatzleistungen erfolgt bar direkt bei unserem Reiseleiter im Bus.<\/li>\n<\/ul>\n<p>Tauchen Sie ein in die magische Welt des Sporttauchens in Alanya, wo das klare Mittelmeerwasser eine F\u00fclle von Meereslebewesen und atemberaubende Unterwasserlandschaften offenbart. Ob es Ihr erster Tauchgang ist oder einer von vielen, die Alanya Scuba Diving Tour verspricht eine unvergessliche Erkundung der ruhigen und mystischen Sch\u00f6nheit des Meeres.<\/p>\n<\/div>\n<\/div>\n<\/div>","protected":false},"excerpt":{"rendered":"<p>Tauchabenteuer in Alanya: Begeben Sie sich mit der Alanya-Tauchtour auf eine aufregende und faszinierende Reise in die Unterwasserwelt. Dieses Erlebnis bietet Ihnen die einzigartige Gelegenheit, die artenreiche Meeresfauna des Mittelmeers zu erkunden und das Gef\u00fchl der Schwerelosigkeit unter Wasser zu genie\u00dfen. Die Tauchg\u00e4nge finden entlang der beeindruckenden K\u00fcste von Alanya statt.<\/p>","protected":false},"featured_media":9764,"comment_status":"open","ping_status":"closed","template":"","meta":{"_monsterinsights_skip_tracking":false,"_monsterinsights_sitenote_active":false,"_monsterinsights_sitenote_note":"","_monsterinsights_sitenote_category":0},"product_cat":[85],"product_tag":[],"class_list":{"0":"post-9763","1":"product","2":"type-product","3":"status-publish","4":"has-post-thumbnail","6":"product_cat-alanya-tuplu-dalis","8":"first","9":"instock","10":"sale","11":"shipping-taxable","12":"purchasable","13":"product-type-ovabrw_car_rental"},"aioseo_notices":[],"_links":{"self":[{"href":"https:\/\/activitiesinalanya.com\/de\/wp-json\/wp\/v2\/product\/9763","targetHints":{"allow":["GET"]}}],"collection":[{"href":"https:\/\/activitiesinalanya.com\/de\/wp-json\/wp\/v2\/product"}],"about":[{"href":"https:\/\/activitiesinalanya.com\/de\/wp-json\/wp\/v2\/types\/product"}],"replies":[{"embeddable":true,"href":"https:\/\/activitiesinalanya.com\/de\/wp-json\/wp\/v2\/comments?post=9763"}],"wp:featuredmedia":[{"embeddable":true,"href":"https:\/\/activitiesinalanya.com\/de\/wp-json\/wp\/v2\/media\/9764"}],"wp:attachment":[{"href":"https:\/\/activitiesinalanya.com\/de\/wp-json\/wp\/v2\/media?parent=9763"}],"wp:term":[{"taxonomy":"product_cat","embeddable":true,"href":"https:\/\/activitiesinalanya.com\/de\/wp-json\/wp\/v2\/product_cat?post=9763"},{"taxonomy":"product_tag","embeddable":true,"href":"https:\/\/activitiesinalanya.com\/de\/wp-json\/wp\/v2\/product_tag?post=9763"}],"curies":[{"name":"wp","href":"https:\/\/api.w.org\/{rel}","templated":true}]}}