{"id":9758,"date":"2024-01-14T21:26:59","date_gmt":"2024-01-14T18:26:59","guid":{"rendered":"https:\/\/activitiesinalanya.com\/?post_type=product&#038;p=9758"},"modified":"2026-04-24T15:59:23","modified_gmt":"2026-04-24T12:59:23","slug":"alanya-only-rafting","status":"publish","type":"product","link":"https:\/\/activitiesinalanya.com\/de\/urun\/alanya-only-rafting\/","title":{"rendered":"Nur Alanya Rafting"},"content":{"rendered":"<div class=\"header-ul\">\n<p><strong>Wildwasser-Rafting-Abenteuer<\/strong><\/p>\n<p>Tauchen Sie ein in ein aufregendes Wildwasser-Rafting-Abenteuer, eine Reise, die Ihren Geist auf die Probe stellt und Ihr Gl\u00fcck einl\u00e4dt, und das alles ohne besondere F\u00e4higkeiten. Unter Anleitung erfahrener Lehrer navigieren Sie durch die rei\u00dfenden Wasser eines Gebirgsflusses und erleben eine Mischung aus Adrenalin, Aufregung und purer Freude. Dieses Abenteuer ist f\u00fcr jeden geeignet \u2013 Jugendliche und Erwachsene gleicherma\u00dfen \u2013 und bietet ein unvergessliches Erlebnis, das noch lange nach dem Sprung ins k\u00fchle Nass nachhallt.<\/p>\n<p><strong>Reiseverlauf<\/strong><\/p>\n<ul>\n<li><strong>Transfer &amp; Anreise<\/strong>: Beginnen Sie mit einem Transfer zum majest\u00e4tischen Koprulu-Canyon in Beskonak.<\/li>\n<li><strong>Briefing &amp; Ausr\u00fcstungsausgabe<\/strong>: Erhalten Sie eine umfassende Einweisung und Ihre Rafting-Ausr\u00fcstung, einschlie\u00dflich Helm, Schwimmweste und Paddel.<\/li>\n<li><strong>Startpunkt<\/strong>: Die Reise beginnt an der antiken r\u00f6mischen Br\u00fccke und f\u00fchrt zu einer 7 km langen Abfahrt.<\/li>\n<li><strong>Nationalpark-Erkundung<\/strong>: Bevor Sie sich in das Rafting-Erlebnis st\u00fcrzen, genie\u00dfen Sie einen gem\u00fctlichen Spaziergang im Koprulu-Nationalpark mit einem Fotostopp und der M\u00f6glichkeit zum Schwimmen.<\/li>\n<li><strong>Der Abstieg<\/strong>: Gehen Sie an Bord eines Bootes, das jeweils von einem Fachmann gef\u00fchrt wird und die ersten 10 km des Flusses zur\u00fccklegt.<\/li>\n<li><strong>Mittagessen<\/strong>: St\u00e4rken Sie sich mit einem k\u00f6stlichen Mittagessen in einem lokalen Restaurant, bevor Sie die restlichen 3,6 km des Flusses in Angriff nehmen.<\/li>\n<li><strong>Fotografische Erinnerungen<\/strong>: Professionelle Fotografen halten die spannenden Momente Ihrer Abfahrt fest.<\/li>\n<li><strong>Zur\u00fcckkehren<\/strong>: Das Abenteuer endet mit einem Transfer zur\u00fcck zu Ihrem Hotel.<\/li>\n<\/ul>\n<p><strong>Was ist inbegriffen:<\/strong><\/p>\n<ul>\n<li>Hin- und R\u00fccktransfer<\/li>\n<li>Versicherung f\u00fcr Seelenfrieden<\/li>\n<li>Ein herzhaftes Mittagessen, das Ihnen Energie gibt<\/li>\n<li>Professionelle Guides weisen Ihnen den Weg<\/li>\n<li>Rafting-Ausr\u00fcstung: Weste, Helm und Paddel<\/li>\n<\/ul>\n<p><strong>Bitte beachten Sie:<\/strong><\/p>\n<ul>\n<li>Getr\u00e4nke sowie pers\u00f6nliche Fotos oder Videos von der Tour k\u00f6nnen separat erworben werden.<\/li>\n<li>Es wird empfohlen, ein Handtuch, Shorts, Badebekleidung, T-Shirt, Wechselkleidung, Sonnencreme, Wasser und bequeme Schuhe mitzubringen. Aus Sicherheitsgr\u00fcnden wird empfohlen, Wertsachen, Geld, Schmuck und Accessoires in Ihrer Unterkunft zu lassen.<\/li>\n<li>Aufgrund der Art dieser Aktivit\u00e4t ist sie nicht f\u00fcr Kinder unter 5 Jahren, schwangere Frauen oder Personen mit gesundheitlichen Beschwerden geeignet, deren Zustand durch dieses Abenteuer verschlimmert werden k\u00f6nnte.<\/li>\n<\/ul>\n<p><strong>Zus\u00e4tzliche Tipps:<\/strong><\/p>\n<ul>\n<li>W\u00e4hlen Sie f\u00fcr das beste Erlebnis Schuhe, die guten Halt bieten und bei N\u00e4sse am wenigsten rutschen.<\/li>\n<\/ul>\n<p>Begeben Sie sich auf eine Wildwasser-Rafting-Tour, bei der die aufregenden Stromschnellen des Flusses auf die ruhige Sch\u00f6nheit der Natur im Koprulu Canyon treffen. Diese Tour verspricht nicht nur ein Abenteuer, sondern auch eine Geschichte, die Sie erz\u00e4hlen k\u00f6nnen, und wird so zu einem unvergesslichen Teil Ihrer Reise.<\/p>\n<\/div>","protected":false},"excerpt":{"rendered":"<p>White-Water Rafting Adventure Dive into an exhilarating white-water rafting adventure, a journey that tests your spirit and invites luck, all without the need for special skills. Guided by experienced instructors, you&#8217;ll navigate the rushing waters of a mountain river, experiencing a blend of adrenaline, excitement, and sheer joy. This adventure is suitable for everyone\u2014youths and [&hellip;]<\/p>","protected":false},"featured_media":9761,"comment_status":"open","ping_status":"closed","template":"","meta":{"_monsterinsights_skip_tracking":false,"_monsterinsights_sitenote_active":false,"_monsterinsights_sitenote_note":"","_monsterinsights_sitenote_category":0},"product_cat":[67],"product_tag":[],"class_list":{"0":"post-9758","1":"product","2":"type-product","3":"status-publish","4":"has-post-thumbnail","6":"product_cat-alanya-rafting","8":"first","9":"instock","10":"sale","11":"shipping-taxable","12":"purchasable","13":"product-type-ovabrw_car_rental"},"aioseo_notices":[],"_links":{"self":[{"href":"https:\/\/activitiesinalanya.com\/de\/wp-json\/wp\/v2\/product\/9758","targetHints":{"allow":["GET"]}}],"collection":[{"href":"https:\/\/activitiesinalanya.com\/de\/wp-json\/wp\/v2\/product"}],"about":[{"href":"https:\/\/activitiesinalanya.com\/de\/wp-json\/wp\/v2\/types\/product"}],"replies":[{"embeddable":true,"href":"https:\/\/activitiesinalanya.com\/de\/wp-json\/wp\/v2\/comments?post=9758"}],"wp:featuredmedia":[{"embeddable":true,"href":"https:\/\/activitiesinalanya.com\/de\/wp-json\/wp\/v2\/media\/9761"}],"wp:attachment":[{"href":"https:\/\/activitiesinalanya.com\/de\/wp-json\/wp\/v2\/media?parent=9758"}],"wp:term":[{"taxonomy":"product_cat","embeddable":true,"href":"https:\/\/activitiesinalanya.com\/de\/wp-json\/wp\/v2\/product_cat?post=9758"},{"taxonomy":"product_tag","embeddable":true,"href":"https:\/\/activitiesinalanya.com\/de\/wp-json\/wp\/v2\/product_tag?post=9758"}],"curies":[{"name":"wp","href":"https:\/\/api.w.org\/{rel}","templated":true}]}}