{"id":9753,"date":"2024-01-14T21:22:09","date_gmt":"2024-01-14T18:22:09","guid":{"rendered":"https:\/\/activitiesinalanya.com\/?post_type=product&#038;p=9753"},"modified":"2025-12-06T00:31:35","modified_gmt":"2025-12-05T21:31:35","slug":"alanya-jeep-safari","status":"publish","type":"product","link":"https:\/\/activitiesinalanya.com\/de\/urun\/alanya-jeep-safari\/","title":{"rendered":"Alanya Jeep-Safari"},"content":{"rendered":"<div class=\"header-ul\"><\/div>\n<div class=\"header-ul\">\n<h3><img decoding=\"async\" class=\"rounded img-fluid float-sm-left mt-2 mr-sm-4 mb-2\" style=\"font-size: 16px;\" src=\"https:\/\/www.dailytoursinalanya.com\/Content\/images\/tours\/5\/thumb\/alanya-jeep-safari-14.webp\" alt=\"Alanya Jeep Safari 2\" \/><\/h3>\n<\/div>\n<div class=\"content-text\">\n<p><strong>Jeep Safari Abenteuer<\/strong><\/p>\n<p>Begeben Sie sich auf eine aufregende Jeep-Safari, die Spa\u00df, Natur und Abenteuer zu einem unvergesslichen Erlebnis vereint. Navigieren Sie in 4\u00d74 Land Rover Safari Jeeps durch das zerkl\u00fcftete Gel\u00e4nde des Taurusgebirges, erkunden Sie die dichten Kiefernw\u00e4lder und genie\u00dfen Sie die atemberaubende Aussicht auf Alanya aus einer H\u00f6he von etwa 1500 Metern. Diese Reise f\u00fchrt Sie \u00fcber staubige Stra\u00dfen inmitten der leuchtenden Farben von Orangen-, Zitronen- und Bananeng\u00e4rten zu einem traditionellen Nomadendorf in Alanya. Hier erhalten Sie einen Einblick in den lokalen Lebensstil, sehen Dorfh\u00e4user, interagieren mit den Einwohnern in ihrer traditionellen Kleidung und lernen ihre Br\u00e4uche und Traditionen kennen.<\/p>\n<p><strong>Dorfbesuche und Dim Dam<\/strong><\/p>\n<p>Das Abenteuer geht weiter, wenn Sie sich dem Dim-Damm n\u00e4hern, der zur Bew\u00e4sserung und Stromerzeugung errichtet wurde und die technischen Wunder inmitten nat\u00fcrlicher Sch\u00f6nheit zur Schau stellt. Der H\u00f6hepunkt der Offroad-Safari ist eine gem\u00fctliche Mittagspause und ein Bad im Dim-Fluss, wo Sie auf Sofas \u00fcber dem Wasser speisen k\u00f6nnen \u2013 ein wirklich einzigartiges Erlebnis. Genie\u00dfen Sie die k\u00fchle Umarmung des Dim-Flusses, w\u00e4hrend Sie eine Mahlzeit genie\u00dfen, mit unterhaltsamen Animationen, die f\u00fcr eine leichte und angenehme Stimmung sorgen.<\/p>\n<p><strong>Entfliehen Sie der Hitze und entdecken Sie die wahre T\u00fcrkei<\/strong><\/p>\n<p>Wenn Sie dem Trubel Alanyas entfliehen und tiefer in das t\u00fcrkische Dorfleben eintauchen m\u00f6chten, ist diese Jeep-Safari genau das Richtige f\u00fcr Sie. Es ist nicht nur eine Tour, sondern eine Gelegenheit, die nat\u00fcrliche Sch\u00f6nheit und das kulturelle Erbe der T\u00fcrkei kennenzulernen.<\/p>\n<p><strong>H\u00f6hepunkte der Reiseroute:<\/strong><\/p>\n<ul>\n<li>Abholung vom Hotel im Safari-Jeep<\/li>\n<li>Schlie\u00dfen Sie sich einem Konvoi anderer Safari-Abenteurer an<\/li>\n<li>Reise durch D\u00f6rfer und Obstg\u00e4rten<\/li>\n<li>Erklimmen Sie das Taurusgebirge f\u00fcr atemberaubende Ausblicke und Fotomotive<\/li>\n<li>Besuchen Sie ein t\u00fcrkisches Dorf, lernen Sie das Leben vor Ort kennen und genie\u00dfen Sie unterhaltsame Aktivit\u00e4ten<\/li>\n<li>Erkundung einer Dorfmoschee mit Einblicken in die Moschee und die islamische Religion<\/li>\n<li>Abstieg ins Dim-Tal mit einem Fotostopp am Dim-Damm<\/li>\n<li>Mittagessen, Entspannung und Schwimmen im Fluss Dim\u00e7ay\u0131 (ca. 2 Stunden)<\/li>\n<li>R\u00fcckkehr zu Ihrem Hotel<\/li>\n<\/ul>\n<p><strong>Im Preis inbegriffen:<\/strong><\/p>\n<ul>\n<li>\u00dcberweisungen<\/li>\n<li>F\u00fchrung<\/li>\n<li>Mittagessen (gegrillter Fisch oder H\u00fchnchen, Salat, Reis, Makkaroni; vegetarische Optionen verf\u00fcgbar)<\/li>\n<\/ul>\n<p><strong>Weitere Informationen und Tipps:<\/strong><\/p>\n<ul>\n<li>Tragen Sie f\u00fcr das Berggel\u00e4nde geeignete Kleidung und Schuhe<\/li>\n<li>Bringen Sie einen Badeanzug und ein Handtuch mit, wenn Sie im Fluss Dim\u00e7ay\u0131 schwimmen m\u00f6chten<\/li>\n<li>Ein Fotoservice steht zur Verf\u00fcgung, Sie k\u00f6nnen aber gerne Ihre eigene Kamera mitbringen<\/li>\n<li>Diese Tour ist familienfreundlich und f\u00fcr Kinder geeignet<\/li>\n<li>Unsere Fahrer sind erfahrene Profis, die die Berge gut kennen<\/li>\n<li>Die Zahlung kann in bar an unseren Reiseleiter im Jeep erfolgen<\/li>\n<\/ul>\n<p>Diese Jeep-Safari ist das perfekte Abenteuer f\u00fcr alle, die mehr als nur Alanyas Str\u00e4nde erkunden und die echte t\u00fcrkische Landschaft erleben m\u00f6chten.<\/p>\n<\/div>","protected":false},"excerpt":{"rendered":"<p>Jeep Safari Adventure Embark on an exhilarating Jeep Safari that combines fun, nature, and adventure into a single unforgettable experience. Navigate the rugged terrain of the Taurus Mountains in 4&#215;4 Land Rover Safari Jeeps, exploring the dense pine forests and enjoying breathtaking views of Alanya from an elevation of approximately 1500 meters. This journey takes [&hellip;]<\/p>","protected":false},"featured_media":9754,"comment_status":"open","ping_status":"closed","template":"","meta":{"_monsterinsights_skip_tracking":false,"_monsterinsights_sitenote_active":false,"_monsterinsights_sitenote_note":"","_monsterinsights_sitenote_category":0},"product_cat":[97],"product_tag":[],"class_list":{"0":"post-9753","1":"product","2":"type-product","3":"status-publish","4":"has-post-thumbnail","6":"product_cat-alanya-jeep-safari","8":"first","9":"instock","10":"sale","11":"shipping-taxable","12":"purchasable","13":"product-type-ovabrw_car_rental"},"aioseo_notices":[],"_links":{"self":[{"href":"https:\/\/activitiesinalanya.com\/de\/wp-json\/wp\/v2\/product\/9753","targetHints":{"allow":["GET"]}}],"collection":[{"href":"https:\/\/activitiesinalanya.com\/de\/wp-json\/wp\/v2\/product"}],"about":[{"href":"https:\/\/activitiesinalanya.com\/de\/wp-json\/wp\/v2\/types\/product"}],"replies":[{"embeddable":true,"href":"https:\/\/activitiesinalanya.com\/de\/wp-json\/wp\/v2\/comments?post=9753"}],"wp:featuredmedia":[{"embeddable":true,"href":"https:\/\/activitiesinalanya.com\/de\/wp-json\/wp\/v2\/media\/9754"}],"wp:attachment":[{"href":"https:\/\/activitiesinalanya.com\/de\/wp-json\/wp\/v2\/media?parent=9753"}],"wp:term":[{"taxonomy":"product_cat","embeddable":true,"href":"https:\/\/activitiesinalanya.com\/de\/wp-json\/wp\/v2\/product_cat?post=9753"},{"taxonomy":"product_tag","embeddable":true,"href":"https:\/\/activitiesinalanya.com\/de\/wp-json\/wp\/v2\/product_tag?post=9753"}],"curies":[{"name":"wp","href":"https:\/\/api.w.org\/{rel}","templated":true}]}}