{"id":9712,"date":"2024-01-14T01:20:10","date_gmt":"2024-01-13T22:20:10","guid":{"rendered":"https:\/\/activitiesinalanya.com\/?post_type=product&#038;p=9712"},"modified":"2026-04-04T15:59:27","modified_gmt":"2026-04-04T12:59:27","slug":"paragliding-alanya","status":"publish","type":"product","link":"https:\/\/activitiesinalanya.com\/de\/urun\/paragliding-alanya\/","title":{"rendered":"Gleitschirmfliegen Alanya"},"content":{"rendered":"<p><strong>Paragliding-Erlebnis in Alanya<\/strong><\/p>\n<p>Begeben Sie sich mit der Alanya Paragliding Tour auf eine aufregende Reise, eine Mischung aus Adrenalin und Ehrfurcht, w\u00e4hrend Sie wie ein Vogel durch den Himmel von Alanya schweben. Dieses Abenteuer beginnt mit der Abholung von Ihrem Hotel, gefolgt von einer malerischen Fahrt den Berg hinauf in unseren 4\u00d74-Jeeps. Die Fahrt dauert etwa 25 Minuten bis zu Ihrem Startplatz.<\/p>\n<p><strong>Briefing vor dem Flug und Start<\/strong><\/p>\n<p>Bei Ihrer Ankunft erhalten Sie eine umfassende Einweisung in den Flug und die Sicherheitsvorkehrungen. Dann, mit nur wenigen Schritten nach vorne, beginnt Ihr Paragliding-Erlebnis. Sie gleiten anmutig \u00fcber Alanya und genie\u00dfen unvergleichliche Ausblicke auf das Mittelmeer, die Str\u00e4nde und die historische Burg. Je nach Wetterbedingungen starten die Fl\u00fcge aus 400 oder 700 Metern H\u00f6he und dauern etwa 20 Minuten. Dabei nutzen sie die thermischen Auftriebe, um dieses unvergessliche Erlebnis zu verl\u00e4ngern.<\/p>\n<p><strong>Landung am Kleopatra-Strand<\/strong><\/p>\n<p>Ihr Flug endet mit einer sanften Landung am ber\u00fchmten Kleopatra-Strand, wo Sie Ihr Flugabenteuer genie\u00dfen k\u00f6nnen. Paragliding ist f\u00fcr jedermann zug\u00e4nglich, erfordert keine Vorkenntnisse und ist ein Beweis f\u00fcr die Freiheit des Fliegens.<\/p>\n<p><strong>Sicherheit und Ausr\u00fcstung<\/strong><\/p>\n<p>Gleitschirmfliegen ist ein bemerkenswert sicherer Sport, insbesondere unter der Anleitung unserer ausgebildeten und erfahrenen Piloten. Wir verwenden die neueste Ausr\u00fcstungstechnologie, um einen sicheren und aufregenden Flug zu gew\u00e4hrleisten. Unsere Piloten verf\u00fcgen \u00fcber international anerkannte Zertifizierungen, die ein au\u00dfergew\u00f6hnliches und sicheres Flugerlebnis garantieren.<\/p>\n<p><strong>Was ist inbegriffen:<\/strong><\/p>\n<ul>\n<li>Hoteltransfers und Versicherung<\/li>\n<li>Eine 20-min\u00fctige Gleitschirmsitzung<\/li>\n<li>Die gesamte notwendige Ausr\u00fcstung<\/li>\n<li>Anleitung und F\u00fchrung durch einen zertifizierten Kursleiter<\/li>\n<\/ul>\n<p><strong>Optionale Extras:<\/strong><\/p>\n<ul>\n<li>Fotos und DVD Ihres Fluges<\/li>\n<\/ul>\n<p><strong>Zus\u00e4tzliche Informationen und Empfehlungen:<\/strong><\/p>\n<ul>\n<li>Tragen Sie bequeme Kleidung und normale oder sportliche Schuhe. Ideal sind lange Hosen oder knielange Shorts.<\/li>\n<li>Wir empfehlen dringend eine Sonnenbrille, festes Schuhwerk und eine Flasche Wasser.<\/li>\n<li>Das Gewicht der Teilnehmer muss zwischen 40 und 120 Kilogramm liegen. Eine Altersbeschr\u00e4nkung gibt es nicht.<\/li>\n<li>Die Bezahlung kann bar direkt bei unserem Reiseleiter im Bus erfolgen.<\/li>\n<\/ul>\n<p>Die Alanya Paragliding Tour bietet eine einzigartige Perspektive auf Alanyas atemberaubende Landschaften, von der Ruhe des Himmels bis hin zur Sch\u00f6nheit des Kleopatra-Strandes. Begleiten Sie uns auf ein unvergessliches Abenteuer, bei dem der Himmel buchst\u00e4blich die Grenze ist.<\/p>","protected":false},"excerpt":{"rendered":"<p>Alanya Paragliding Experience Embark on an exhilarating journey with the Alanya Paragliding Tour, a blend of adrenaline and awe as you soar like a bird across the Alanya skies. This adventure starts with a pick-up from your hotel, followed by a scenic drive up the mountain in our 4&#215;4 jeeps, a journey lasting about 25 [&hellip;]<\/p>","protected":false},"featured_media":9716,"comment_status":"open","ping_status":"closed","template":"","meta":{"_monsterinsights_skip_tracking":false,"_monsterinsights_sitenote_active":false,"_monsterinsights_sitenote_note":"","_monsterinsights_sitenote_category":0},"product_cat":[72],"product_tag":[],"class_list":{"0":"post-9712","1":"product","2":"type-product","3":"status-publish","4":"has-post-thumbnail","6":"product_cat-alanya-yamac-parasutu","8":"first","9":"instock","10":"sale","11":"shipping-taxable","12":"purchasable","13":"product-type-ovabrw_car_rental"},"aioseo_notices":[],"_links":{"self":[{"href":"https:\/\/activitiesinalanya.com\/de\/wp-json\/wp\/v2\/product\/9712","targetHints":{"allow":["GET"]}}],"collection":[{"href":"https:\/\/activitiesinalanya.com\/de\/wp-json\/wp\/v2\/product"}],"about":[{"href":"https:\/\/activitiesinalanya.com\/de\/wp-json\/wp\/v2\/types\/product"}],"replies":[{"embeddable":true,"href":"https:\/\/activitiesinalanya.com\/de\/wp-json\/wp\/v2\/comments?post=9712"}],"wp:featuredmedia":[{"embeddable":true,"href":"https:\/\/activitiesinalanya.com\/de\/wp-json\/wp\/v2\/media\/9716"}],"wp:attachment":[{"href":"https:\/\/activitiesinalanya.com\/de\/wp-json\/wp\/v2\/media?parent=9712"}],"wp:term":[{"taxonomy":"product_cat","embeddable":true,"href":"https:\/\/activitiesinalanya.com\/de\/wp-json\/wp\/v2\/product_cat?post=9712"},{"taxonomy":"product_tag","embeddable":true,"href":"https:\/\/activitiesinalanya.com\/de\/wp-json\/wp\/v2\/product_tag?post=9712"}],"curies":[{"name":"wp","href":"https:\/\/api.w.org\/{rel}","templated":true}]}}