{"id":3,"date":"2024-01-05T04:32:53","date_gmt":"2024-01-05T01:32:53","guid":{"rendered":"https:\/\/activitiesinalanya.com\/?page_id=3"},"modified":"2024-01-12T04:19:31","modified_gmt":"2024-01-12T01:19:31","slug":"gizlilik-ilkesi","status":"publish","type":"page","link":"https:\/\/activitiesinalanya.com\/de\/gizlilik-ilkesi\/","title":{"rendered":"Datenschutzrichtlinie"},"content":{"rendered":"<p><strong>Unsere Datenschutzrichtlinie<\/strong><\/p>\r\n<p><strong>1. Einleitung<\/strong><br \/>Als activitiesinalanya.com k\u00fcmmern wir uns um die Privatsph\u00e4re unserer Besucher und legen gro\u00dfen Wert auf den Schutz personenbezogener Daten. Diese Datenschutzrichtlinie enth\u00e4lt Informationen dar\u00fcber, welche Informationen wir sammeln, wenn Sie unsere Website nutzen, und wie diese Informationen verwendet werden.<\/p>\r\n<p><strong>2. Erfasste Informationen<\/strong><br \/>Wenn Sie unsere Website besuchen, werden einige Informationen m\u00f6glicherweise automatisch durch Cookies erfasst. Dazu geh\u00f6ren Ihre IP-Adresse, die von Ihnen besuchten Seiten, Besuchszeiten und der von Ihnen verwendete Browsertyp. Bei einer Reservierung erfassen wir m\u00f6glicherweise auch pers\u00f6nliche Informationen wie Ihren Namen, Ihre E-Mail-Adresse und Ihre Telefonnummer.<\/p>\r\n<p><strong>3. Verwendung von Informationen<\/strong><br \/>Die gesammelten Informationen werden verwendet, um Ihnen einen besseren Service zu bieten, unsere Website zu verbessern und zu personalisieren, zur Kommunikation, zur Verwaltung Ihrer Reservierungstransaktionen und zur Erf\u00fcllung gesetzlicher Verpflichtungen.<\/p>\r\n<p><strong>4. Weitergabe von Informationen<\/strong><br \/>activitiesinalanya.com gibt Ihre pers\u00f6nlichen Daten nur dann an Dritte weiter, wenn dies gesetzlich vorgeschrieben ist oder wir unsere Dienste bereitstellen m\u00fcssen. Ihre pers\u00f6nlichen Daten werden nur in solchen F\u00e4llen an Dritte weitergegeben.<\/p>\r\n<p><strong>5. Sicherheit<\/strong><br \/>activitiesinalanya.com trifft angemessene Vorkehrungen, um die Sicherheit der erfassten personenbezogenen Daten zu gew\u00e4hrleisten. Wir wenden technische und administrative Sicherheitsma\u00dfnahmen an, um Informationen vor unbefugtem Zugriff, \u00c4nderung, Offenlegung oder Zerst\u00f6rung zu sch\u00fctzen.<\/p>\r\n<p><strong>6. Verwendung von Cookies<\/strong><br \/>Wir verwenden auf unserer Website Cookies. Cookies sind kleine Datendateien, die dazu dienen, unsere Website effizienter zu gestalten und die Benutzerfreundlichkeit zu verbessern. Sie k\u00f6nnen die Verwendung von Cookies steuern, indem Sie Ihre Browsereinstellungen \u00e4ndern.<\/p>\r\n<p><strong>7. \u00c4nderungen der Datenschutzrichtlinie<\/strong><br \/>Diese Datenschutzrichtlinie kann von Zeit zu Zeit aktualisiert werden. \u00c4nderungen werden wirksam, wenn sie auf dieser Seite ver\u00f6ffentlicht werden. Wir empfehlen Ihnen, die Richtlinie regelm\u00e4\u00dfig zu \u00fcberpr\u00fcfen.<\/p>\r\n<p><strong>8. Kommunikation<\/strong><br \/>Wenn Sie Fragen oder Bedenken zu unserer Datenschutzrichtlinie haben, kontaktieren Sie uns bitte unter [info@activitiesinalanya.com].<\/p>","protected":false},"excerpt":{"rendered":"<p>Our Privacy Policy 1. IntroductionAs activitiesinalanya.com, we care about the privacy of our visitors and attach great importance to the protection of personal information. This privacy policy provides information about the information we collect when you use our website and how this information is used. 2. Information CollectedWhen you visit our website, some information may [&hellip;]<\/p>","protected":false},"author":1,"featured_media":0,"parent":0,"menu_order":0,"comment_status":"closed","ping_status":"open","template":"","meta":{"_monsterinsights_skip_tracking":false,"_monsterinsights_sitenote_active":false,"_monsterinsights_sitenote_note":"","_monsterinsights_sitenote_category":0,"footnotes":""},"class_list":["post-3","page","type-page","status-publish","hentry"],"aioseo_notices":[],"_links":{"self":[{"href":"https:\/\/activitiesinalanya.com\/de\/wp-json\/wp\/v2\/pages\/3","targetHints":{"allow":["GET"]}}],"collection":[{"href":"https:\/\/activitiesinalanya.com\/de\/wp-json\/wp\/v2\/pages"}],"about":[{"href":"https:\/\/activitiesinalanya.com\/de\/wp-json\/wp\/v2\/types\/page"}],"author":[{"embeddable":true,"href":"https:\/\/activitiesinalanya.com\/de\/wp-json\/wp\/v2\/users\/1"}],"replies":[{"embeddable":true,"href":"https:\/\/activitiesinalanya.com\/de\/wp-json\/wp\/v2\/comments?post=3"}],"version-history":[{"count":3,"href":"https:\/\/activitiesinalanya.com\/de\/wp-json\/wp\/v2\/pages\/3\/revisions"}],"predecessor-version":[{"id":9648,"href":"https:\/\/activitiesinalanya.com\/de\/wp-json\/wp\/v2\/pages\/3\/revisions\/9648"}],"wp:attachment":[{"href":"https:\/\/activitiesinalanya.com\/de\/wp-json\/wp\/v2\/media?parent=3"}],"curies":[{"name":"wp","href":"https:\/\/api.w.org\/{rel}","templated":true}]}}